{"id":56701,"date":"2024-12-11T13:37:04","date_gmt":"2024-12-11T11:37:04","guid":{"rendered":"https:\/\/scutelnic.nsp25.md\/?post_type=product&#038;p=56701"},"modified":"2026-03-10T19:19:03","modified_gmt":"2026-03-10T17:19:03","slug":"total-nutrition-today-tnt-tnt-vse-neobhodimoe-na-kazhdyj-den","status":"publish","type":"product","link":"http:\/\/scutelnic.nsp25.md\/ro\/produs\/total-nutrition-today-tnt-tnt-vse-neobhodimoe-na-kazhdyj-den","title":{"rendered":"Total Nutrition Today (TNT) - TNT (tot ce este necesar pentru fiecare zi)"},"content":{"rendered":"","protected":false},"excerpt":{"rendered":"[trp_language language=\"ru_RU\"]\n<ul>\n<li>Con\u021bine o combina\u021bie echilibrat\u0103 de vitamine \u0219i minerale esen\u021biale<\/li>\n<li>Sus\u021bine metabolismul energetic \u0219i reduce oboseala<\/li>\n<li>Promoveaz\u0103 func\u021bionarea cognitiv\u0103 \u0219i vizual\u0103 normal\u0103<\/li>\n<li>Con\u021bine antioxidan\u021bi pentru a proteja celulele de stresul oxidativ<\/li>\n<li>Promoveaz\u0103 detoxifierea organismului<\/li>\n<li>Cre\u0219te aportul zilnic de fibre pentru a \u00eembun\u0103t\u0103\u021bi digestia.<\/li>\n<\/ul>\n<p>[\/trp_language]<\/p>\n<ul>\n<li>Con\u021bine sau combina\u021bie echilibrat\u0103 de vitamine \u0219i minerale esen\u021biale<\/li>\n<li>Sus\u021bine metabolismul energetic \u0219i reduce oboseala<\/li>\n<li>Contribuie la func\u021bionarea normal\u0103 a func\u021biilor cognitive \u0219i a vederii<\/li>\n<li>Con\u021bine antioxidan\u021bi pentru protec\u021bia celulelor \u00eempotriva stresului oxidativ<\/li>\n<li>Sprijin\u0103 detoxifierea organismului<\/li>\n<li>Cre\u0219te aportul zilnic de fibre pentru \u00eembun\u0103t\u0103\u021birea digestiei<\/li>\n<\/ul>\n<p>[\/trp_language]<\/p>","protected":false},"featured_media":56702,"template":"","meta":[],"product_brand":[],"product_cat":[154,110,150,111,121,122,116],"product_tag":[],"class_list":{"0":"post-56701","1":"product","2":"type-product","3":"status-publish","4":"has-post-thumbnail","6":"product_cat-ochishhenie-organizma","7":"product_cat-zdorovoe-pitanie","8":"product_cat-pohudenie","9":"product_cat-sistemy-organizma","10":"product_cat-immunnaja","11":"product_cat-pishhevaritelnaja","12":"product_cat-jenergetiki","14":"first","15":"instock","16":"sale","17":"shipping-taxable","18":"purchasable","19":"product-type-simple"},"_links":{"self":[{"href":"http:\/\/scutelnic.nsp25.md\/ro\/wp-json\/wp\/v2\/product\/56701","targetHints":{"allow":["GET"]}}],"collection":[{"href":"http:\/\/scutelnic.nsp25.md\/ro\/wp-json\/wp\/v2\/product"}],"about":[{"href":"http:\/\/scutelnic.nsp25.md\/ro\/wp-json\/wp\/v2\/types\/product"}],"wp:featuredmedia":[{"embeddable":true,"href":"http:\/\/scutelnic.nsp25.md\/ro\/wp-json\/wp\/v2\/media\/56702"}],"wp:attachment":[{"href":"http:\/\/scutelnic.nsp25.md\/ro\/wp-json\/wp\/v2\/media?parent=56701"}],"wp:term":[{"taxonomy":"product_brand","embeddable":true,"href":"http:\/\/scutelnic.nsp25.md\/ro\/wp-json\/wp\/v2\/product_brand?post=56701"},{"taxonomy":"product_cat","embeddable":true,"href":"http:\/\/scutelnic.nsp25.md\/ro\/wp-json\/wp\/v2\/product_cat?post=56701"},{"taxonomy":"product_tag","embeddable":true,"href":"http:\/\/scutelnic.nsp25.md\/ro\/wp-json\/wp\/v2\/product_tag?post=56701"}],"curies":[{"name":"wp","href":"https:\/\/api.w.org\/{rel}","templated":true}]}}