{"id":55017,"date":"2024-07-12T16:45:51","date_gmt":"2024-07-12T13:45:51","guid":{"rendered":"https:\/\/scutelnic.nsp25.md\/?post_type=product&#038;p=55017"},"modified":"2026-03-10T19:14:35","modified_gmt":"2026-03-10T17:14:35","slug":"power-greens-sila-zeleni","status":"publish","type":"product","link":"http:\/\/scutelnic.nsp25.md\/ro\/produs\/power-greens-sila-zeleni","title":{"rendered":"Power Greens \u2014 Puterea verde"},"content":{"rendered":"","protected":false},"excerpt":{"rendered":"[trp_language language=\"ru_RU\"]\n<ul>\n<li>Men\u021bine nivelul optim de energie natural\u0103<\/li>\n<li>\u00cembog\u0103\u021be\u0219te dieta cu fibre<\/li>\n<li>Reface \u0219i \u00eent\u0103re\u0219te imunitatea<\/li>\n<li>\u00cembun\u0103t\u0103\u021be\u0219te starea de spirit, memoria, func\u021bia cognitiv\u0103<\/li>\n<li>Ajut\u0103 la men\u021binerea s\u0103n\u0103t\u0103\u021bii intestinului, \u00een special la digestia \u0219i asimilarea alimentelor,<\/li>\n<li>Ofer\u0103 ap\u0103rare antioxidant\u0103 la nivel celular<\/li>\n<li>De 3 ori mai eficient, con\u021bine de 4 ori mai multe legume \u0219i fibre dec\u00e2t al\u021bi produc\u0103tori.<\/li>\n<\/ul>\n<p>[\/trp_language]<\/p>\n<ul>\n<li>Sus\u021bine nivelul optim de energie natural\u0103<\/li>\n<li>\u00cembog\u0103\u021be\u0219te dieta cu fibre<\/li>\n<li>Restabile\u0219te \u0219i \u00eent\u0103re\u0219te imunitatea<\/li>\n<li>\u00cembun\u0103t\u0103\u021be\u0219te starea de spirit, memoria \u0219i func\u021biile cognitive<\/li>\n<li>Ajut\u0103 la men\u021binerea s\u0103n\u0103t\u0103\u021bii intestinului, \u00een special digestia \u0219i absorb\u021bia alimentelor<\/li>\n<li>Ofer\u0103 protec\u021bie antioxidant\u0103 pentru celula de nivel.<\/li>\n<li>De 3 ori mai eficient, con\u021bine de 4 ori mai multe legume \u0219i fibre dec\u00e2t al\u021bi produc\u0103tori.<\/li>\n<\/ul>\n<p>[\/trp_language]<\/p>","protected":false},"featured_media":55021,"template":"","meta":[],"product_brand":[],"product_cat":[127,109,110,137,128,154,150],"product_tag":[],"class_list":{"0":"post-55017","1":"product","2":"type-product","3":"status-publish","4":"has-post-thumbnail","6":"product_cat-dlja-rabotosposobnosti","7":"product_cat-fitoprodukty","8":"product_cat-zdorovoe-pitanie","9":"product_cat-vitaminy-mineraly-i-kompleksy","10":"product_cat-koktejli-i-napitki","11":"product_cat-ochishhenie-organizma","12":"product_cat-pohudenie","14":"first","15":"outofstock","16":"sale","17":"shipping-taxable","18":"purchasable","19":"product-type-simple"},"_links":{"self":[{"href":"http:\/\/scutelnic.nsp25.md\/ro\/wp-json\/wp\/v2\/product\/55017","targetHints":{"allow":["GET"]}}],"collection":[{"href":"http:\/\/scutelnic.nsp25.md\/ro\/wp-json\/wp\/v2\/product"}],"about":[{"href":"http:\/\/scutelnic.nsp25.md\/ro\/wp-json\/wp\/v2\/types\/product"}],"wp:featuredmedia":[{"embeddable":true,"href":"http:\/\/scutelnic.nsp25.md\/ro\/wp-json\/wp\/v2\/media\/55021"}],"wp:attachment":[{"href":"http:\/\/scutelnic.nsp25.md\/ro\/wp-json\/wp\/v2\/media?parent=55017"}],"wp:term":[{"taxonomy":"product_brand","embeddable":true,"href":"http:\/\/scutelnic.nsp25.md\/ro\/wp-json\/wp\/v2\/product_brand?post=55017"},{"taxonomy":"product_cat","embeddable":true,"href":"http:\/\/scutelnic.nsp25.md\/ro\/wp-json\/wp\/v2\/product_cat?post=55017"},{"taxonomy":"product_tag","embeddable":true,"href":"http:\/\/scutelnic.nsp25.md\/ro\/wp-json\/wp\/v2\/product_tag?post=55017"}],"curies":[{"name":"wp","href":"https:\/\/api.w.org\/{rel}","templated":true}]}}