{"id":1154,"date":"2021-04-23T11:10:04","date_gmt":"2021-04-23T08:10:04","guid":{"rendered":"https:\/\/scutelnic.nsp25.md\/product\/gentle-make-up-remover-bremani-care-credstvo-dlja-snjatija-makijazha-na-osnove-micelljarnoj-vody"},"modified":"2026-03-10T19:39:23","modified_gmt":"2026-03-10T17:39:23","slug":"gentle-make-up-remover-bremani-care-credstvo-dlja-snjatija-makijazha-na-osnove-micelljarnoj-vody","status":"publish","type":"product","link":"http:\/\/scutelnic.nsp25.md\/ro\/produs\/gentle-make-up-remover-bremani-care-credstvo-dlja-snjatija-makijazha-na-osnove-micelljarnoj-vody","title":{"rendered":"Demachiant delicat Bremani Care - Demachiant micelar pe baz\u0103 de ap\u0103"},"content":{"rendered":"<p><strong>Afost tradus cu ajutor Google Translate<\/strong><\/p>\n<p>O nou\u0103 formul\u0103 care nu v\u0103 ciupe\u0219te ochii, \u00eendep\u0103rteaz\u0103 machiajul perfect, cur\u0103\u021b\u0103 pielea \u0219i are grij\u0103 de ea. \u00cendep\u0103rtare de machiaj moale, bazat\u0103 pe miceli, pentru ochi \u0219i fa\u021b\u0103. Apa micelar\u0103 este un produs care poate fi folosit \u00een mai multe direc\u021bii: cur\u0103\u021bare, cur\u0103\u021bare ma\u0219in\u0103, hidrate \u0219i cur\u0103\u021bare piele. Formula \u201ecur\u0103\u021bare de cur\u0103\u021bare\u201d este ajuta la eliminarea eficient\u0103 \u0219i bl\u00e2nd\u0103 a murd\u0103riei. Cur\u0103\u021b\u0103 ad\u00e2nc, este necesar s\u0103 se protejeze pielea de influen\u021bele agresive ale mediatorului.<\/p>\n<blockquote><p>Rezultat: cur\u0103\u021bare profund\u0103, dar bl\u00e2nd\u0103, pielea este cu adev\u0103rat neted\u0103!<\/p><\/blockquote>\n<h3>Ingredient activ<img decoding=\"async\" class=\"alignright wp-image-9394\" src=\"https:\/\/scutelnic.nsp25.md\/wp-content\/uploads\/2019\/11\/malva.jpg\" alt=\"\" width=\"400\" height=\"268\"><\/h3>\n<p><strong> Extract de violet \u00een trei culori <\/strong> &#8212; propriet\u0103\u021bi astringente \u0219i de cur\u0103\u021bare.<\/p>\n<p><strong> Extract de frunze de mammarylig\u0103 <\/strong> &#8212; propriet\u0103\u021bi de condi\u021bionare.<\/p>\n<p><strong> Pantenol <\/strong> &#8212; derivat din vitamina B5, cunoscut \u0219i sub denumirea de acid pantotenic. Are propriet\u0103\u021bi emoliente \u0219i hidratante excelente. Netezeste pielea.<\/p>\n<p><strong> tensioactivi extra-moi <\/strong> &#8212; cur\u0103\u021ba\u021bi pielea de impurit\u0103\u021bi, l\u0103s\u00e2nd o senza\u021bie pl\u0103cut\u0103 de hidratare.<\/p>\n<p><strong> Polimerul ob\u021binut din guma de guar (gum\u0103 de guar) <\/strong> &#8212; are propriet\u0103\u021bi de condi\u021bionare, formeaz\u0103 o pelicul\u0103 protectoare pe piele.<\/p>\n<p><code> Aplica\u021bie<\/code><\/p>\n<p>Folosind a cosmetic disc, aplica\u021bi produsul pe pleoape cu mi\u0219c\u0103ri de blotting u\u0219or p\u00e2n\u0103 la dizolvarea complet\u0103. \u00cendep\u0103rta\u021bi cu grij\u0103 machiajul. Instrumentul este pozit s\u0103 fie deteriorat \u0219i \u00een scopul \u00eendep\u0103rt\u0103rii bra\u021bului buzzerului \u0219i fond de ten. \u00cen caz de disconfort, cl\u0103ti\u021bi cu ap\u0103.<\/p>\n<p><code>Compozi\u021bie: ap\u0103, hexylene glicol, poligliceril-4, caprat de hidroxiacetofenon\u0103, cocoamfodiacetat de disodiu, pantenol, alcool benzilic, clorur\u0103 de nar\u0103, EDTA disodic, glicerin\u0103, hidroxipropilguar, acid lactic, extract de malcar\u0103, extract tricromatic, extract de malv\u0103, extract de malv\u0103, extract de malv\u0103, extract de malv\u0103 sorbat de potasiu.<\/code><\/p>","protected":false},"excerpt":{"rendered":"[trp_language language=\"ru_RU\"]\n<ul>\n<li>\u00cendep\u0103rteaz\u0103 delicat machiajul<\/li>\n<li>Cur\u0103\u021b\u0103 pielea fe\u021bei<\/li>\n<li>Hidrateaz\u0103 \u0219i \u00eenmoaie<\/li>\n<li>F\u0103r\u0103 SLES, SLS, parabeni, formaldehide, alcool, siliconi, uleiuri minerale<\/li>\n<\/ul>\n<p>[\/trp_language]<\/p>\n<ul>\n<li>\u00cendep\u0103rteaz\u0103 machiajul delicat<\/li>\n<li>Cur\u0103\u021b\u0103 pielea<\/li>\n<li>Hidrateaz\u0103 \u0219i \u00eenmoaie<\/li>\n<li>Nu con\u021bine SLES, SLS, parabeni, formaldehide, alcool, silicon, uleiuri minerale<\/li>\n<\/ul>\n<p>[\/trp_language]<\/p>","protected":false},"featured_media":1382,"template":"","meta":[],"product_brand":[],"product_cat":[179,160],"product_tag":[180,181,168],"class_list":{"0":"post-1154","1":"product","2":"type-product","3":"status-publish","4":"has-post-thumbnail","6":"product_cat-bremani-care","7":"product_cat-kosmetika-i-uhod","8":"product_tag-bremani-care","9":"product_tag-kosmetika-bremani","10":"product_tag-uhod-za-licom-i-sheej","12":"first","13":"outofstock","14":"sale","15":"shipping-taxable","16":"purchasable","17":"product-type-simple"},"_links":{"self":[{"href":"http:\/\/scutelnic.nsp25.md\/ro\/wp-json\/wp\/v2\/product\/1154","targetHints":{"allow":["GET"]}}],"collection":[{"href":"http:\/\/scutelnic.nsp25.md\/ro\/wp-json\/wp\/v2\/product"}],"about":[{"href":"http:\/\/scutelnic.nsp25.md\/ro\/wp-json\/wp\/v2\/types\/product"}],"wp:featuredmedia":[{"embeddable":true,"href":"http:\/\/scutelnic.nsp25.md\/ro\/wp-json\/wp\/v2\/media\/1382"}],"wp:attachment":[{"href":"http:\/\/scutelnic.nsp25.md\/ro\/wp-json\/wp\/v2\/media?parent=1154"}],"wp:term":[{"taxonomy":"product_brand","embeddable":true,"href":"http:\/\/scutelnic.nsp25.md\/ro\/wp-json\/wp\/v2\/product_brand?post=1154"},{"taxonomy":"product_cat","embeddable":true,"href":"http:\/\/scutelnic.nsp25.md\/ro\/wp-json\/wp\/v2\/product_cat?post=1154"},{"taxonomy":"product_tag","embeddable":true,"href":"http:\/\/scutelnic.nsp25.md\/ro\/wp-json\/wp\/v2\/product_tag?post=1154"}],"curies":[{"name":"wp","href":"https:\/\/api.w.org\/{rel}","templated":true}]}}