{"id":1152,"date":"2021-04-23T11:10:03","date_gmt":"2021-04-23T08:10:03","guid":{"rendered":"https:\/\/scutelnic.nsp25.md\/product\/hand-cream-deep-hydration-bremani-care-krem-dlja-ruk-ezhednevnyj-glubokoe-uvlazhnenie"},"modified":"2026-03-10T19:37:14","modified_gmt":"2026-03-10T17:37:14","slug":"hand-cream-deep-hydration-bremani-care-krem-dlja-ruk-ezhednevnyj-glubokoe-uvlazhnenie","status":"publish","type":"product","link":"http:\/\/scutelnic.nsp25.md\/ro\/produs\/hand-cream-deep-hydration-bremani-care-krem-dlja-ruk-ezhednevnyj-glubokoe-uvlazhnenie","title":{"rendered":"Crem\u0103 de m\u00e2ini cu hidratare profund\u0103 Bremani Care - Crem\u0103 de m\u00e2ini zilnic\u0103, cu hidratare profund\u0103"},"content":{"rendered":"<p><strong>Afost tradus cu ajutor Google Translate<\/strong><\/p>\n<p>O crem\u0103 de m\u00e2ini preferat\u0103, cu un parfum de bergamot mai u\u0219or \u0219i mai proasp\u0103t. Am perfec\u021bionat formula acestei creme reduc\u00e2nd u\u0219or parfumul.<\/p>\n<p>Aceast\u0103 formul\u0103 crem\u0103, bogat\u0103 \u00een extracte de plante \u0219i uleiuri, este potrivit\u0103 pentru utilizarea zilnic\u0103. Crema p\u0103trunde ad\u00e2nc \u00een piele, protejeaz\u0103, hidrateaz\u0103 \u0219i reface lipsa de umiditate. Dup\u0103 aplicarea acestei creme delicate de textur\u0103, pielea de pe m\u00e2ini va deveni instantaneu moale \u0219i neted\u0103. \u00cen acest caz, crema nu va l\u0103sa o pic\u0103tur\u0103 de gr\u0103sime pe m\u00e2ini. Aceast\u0103 formul\u0103 se bazeaz\u0103 pe con\u021binutul maxim de unt de shea (unt de shea) \u0219i jojoba, ceea ce face ca aceast\u0103 crem\u0103 s\u0103 fie cu adev\u0103rat luxoas\u0103.<\/p>\n<p><strong> Beneficii: <\/strong> <img decoding=\"async\" class=\"alignright wp-image-6397\" src=\"https:\/\/scutelnic.nsp25.md\/wp-content\/uploads\/2019\/09\/maslo_zhozhoba.jpg\" alt=\"\" width=\"456 \"><\/p>\n<ul>\n<li>Nu este gras, foarte confortabil.<\/li>\n<li>Are o arom\u0103 u\u0219oar\u0103 de citrice<\/li>\n<li>Potrivit pentru \u00eengrijirea zilnic\u0103<\/li>\n<li>F\u0103r\u0103 parabeni<\/li>\n<li>Textura cremei este moale \u0219i aerisit\u0103, precum sorbetul.<\/li>\n<\/ul>\n<h3>Ingrediente cheie<\/h3>\n<p>Untul de shea (unt de shea) cunoscut sub numele de \u201em\u00e2ncare pentru piele\u201d con\u021bine vitaminele E, D \u0219i provitamina A.<\/p>\n<p>Legendarul reginei egiptene Nefertiti a numit-o untul de shea \u201esecretul frumuse\u021bii\u201d.<\/p>\n<p>Uleiul de jojoba este un ulei unic, care nu are compara\u021bie \u00een compozi\u021bia chimic\u0103 din lumea plantelor. Este cunoscut pentru propriet\u0103\u021bile sale uimitoare nutri\u021bionale, hidratante, anti-\u00eemb\u0103tr\u00e2nire. <img decoding=\"async\" class=\"size-full wp-image-6395 alignright\" src=\"https:\/\/scutelnic.nsp25.md\/wp-content\/uploads\/2019\/09\/krem_dlya_ruk.jpg \" alt=\" \" width=\" 368 \" \/><\/p>\n<p>Vitamina E &#8212; cunoscuta \u201evitamin\u0103 a tinere\u021bii\u201d.<\/p>\n<p>Extractul de Bergamot &#8212; are calit\u0103\u021bi antiseptice \u0219i o arom\u0103 proasp\u0103t\u0103 de citrice<\/p>\n<p><strong> Ac\u021biune crem\u0103 de m\u00e2ini <\/strong><\/p>\n<ul>\n<li>D\u0103 o senza\u021bie de hidratare instantanee<\/li>\n<li>Efect de actualizare<\/li>\n<li>Face pielea neted\u0103 \u0219i foarte moale<\/li>\n<li>Hr\u0103ne\u0219te profund<\/li>\n<li>Ofer\u0103 efect de m\u0103tase pentru o perioad\u0103 pulmonar\u0103 de timp<\/li>\n<li>Men\u021bine pielea tinereasc\u0103 a m\u00e2inilor<\/li>\n<\/ul>\n<p><strong> Pas avansat <\/strong><\/p>\n<ol>\n<li>Aplica\u021bi o cantitate mic\u0103 de crem\u0103 pentru palm\u0103<\/li>\n<li>\u00cendoi\u021bi m\u00e2inile cu palmele orientate unul spre cel\u0103lalt<\/li>\n<li>Pune\u021bi m\u00e2na pe degetele \u00eencruci\u0219ate<\/li>\n<li>\u00cendoi\u021bi-v\u0103 m\u00e2inile cu palmele spre interior, \u00eencruci\u0219\u00e2nd degetele<\/li>\n<li>Pune\u021bi degetele \u00een \u00eencuietoare<\/li>\n<li>Maseaz\u0103 fiecare deget, inclusiv placa de unghii \u0219i cuticula<\/li>\n<li>Face\u021bi un masaj u\u0219or cu palmele cu degetele<\/li>\n<li>Freca\u021bi crema pe \u00eencheieturi \u00een mi\u0219c\u0103ri circulare<\/li>\n<\/ol>\n<p><code> Compozi\u021bie: ap\u0103, trigliceride caprilice \/ caprice, gliceril stearat, glicerin\u0103, dimeticon\u0103, cetearil alcool, parfum, shea unt, fenoxietanol, sodium cetearil sulfate, potassium sorbate, pantenol, edta de disodiu, ulei de semin\u021be de polil, ace\u0219tia sunt ulei de semin\u021be de jojoba citronellol, limonen, acetat de tocoferil, geraniol, hidroxid de sodiu, acid citric, extract de bergamot\u0103, citral. <\/code><\/p>","protected":false},"excerpt":{"rendered":"[trp_language language=\"ru_RU\"]\n<ul>\n<li>Hidrateaz\u0103 instantaneu<\/li>\n<li>Este r\u0103coritor<\/li>\n<li>Face pielea neted\u0103 \u0219i moale<\/li>\n<li>Hr\u0103ne\u0219te \u00een profunzime<\/li>\n<li>Ofer\u0103 un efect m\u0103t\u0103sos de lung\u0103 durat\u0103<\/li>\n<li>P\u0103streaz\u0103 tinere\u021bea m\u00e2inilor tale<\/li>\n<\/ul>\n<p>[\/trp_language]<\/p>\n<ul>\n<li>Hidrateaz\u0103 imediat<\/li>\n<li>\u00cembun\u0103t\u0103\u021be\u0219te<\/li>\n<li>Face pielea neted\u0103 \u0219i moale<\/li>\n<li>Hr\u0103ne\u0219te profund<\/li>\n<li>Ofer\u0103 efect de m\u0103tase pentru o perioad\u0103 pulmonar\u0103 de timp<\/li>\n<li>Men\u021bine pielea tinereasc\u0103 a m\u00e2inilor<\/li>\n<\/ul>\n<p>[\/trp_language]<\/p>","protected":false},"featured_media":1604,"template":"","meta":[],"product_brand":[],"product_cat":[179,160],"product_tag":[180,181],"class_list":{"0":"post-1152","1":"product","2":"type-product","3":"status-publish","4":"has-post-thumbnail","6":"product_cat-bremani-care","7":"product_cat-kosmetika-i-uhod","8":"product_tag-bremani-care","9":"product_tag-kosmetika-bremani","11":"first","12":"outofstock","13":"sale","14":"shipping-taxable","15":"purchasable","16":"product-type-simple"},"_links":{"self":[{"href":"http:\/\/scutelnic.nsp25.md\/ro\/wp-json\/wp\/v2\/product\/1152","targetHints":{"allow":["GET"]}}],"collection":[{"href":"http:\/\/scutelnic.nsp25.md\/ro\/wp-json\/wp\/v2\/product"}],"about":[{"href":"http:\/\/scutelnic.nsp25.md\/ro\/wp-json\/wp\/v2\/types\/product"}],"wp:featuredmedia":[{"embeddable":true,"href":"http:\/\/scutelnic.nsp25.md\/ro\/wp-json\/wp\/v2\/media\/1604"}],"wp:attachment":[{"href":"http:\/\/scutelnic.nsp25.md\/ro\/wp-json\/wp\/v2\/media?parent=1152"}],"wp:term":[{"taxonomy":"product_brand","embeddable":true,"href":"http:\/\/scutelnic.nsp25.md\/ro\/wp-json\/wp\/v2\/product_brand?post=1152"},{"taxonomy":"product_cat","embeddable":true,"href":"http:\/\/scutelnic.nsp25.md\/ro\/wp-json\/wp\/v2\/product_cat?post=1152"},{"taxonomy":"product_tag","embeddable":true,"href":"http:\/\/scutelnic.nsp25.md\/ro\/wp-json\/wp\/v2\/product_tag?post=1152"}],"curies":[{"name":"wp","href":"https:\/\/api.w.org\/{rel}","templated":true}]}}