{"id":1148,"date":"2021-04-23T11:09:59","date_gmt":"2021-04-23T08:09:59","guid":{"rendered":"https:\/\/scutelnic.nsp25.md\/product\/energy-conditioner-oily-normal-hair-kondicioner-jenergija-vosstanovlenie-i-zdorove-balans-kozhi-golovy"},"modified":"2026-03-10T19:34:42","modified_gmt":"2026-03-10T17:34:42","slug":"energy-conditioner-oily-normal-hair-kondicioner-jenergija-vosstanovlenie-i-zdorove-balans-kozhi-golovy","status":"publish","type":"product","link":"http:\/\/scutelnic.nsp25.md\/ro\/produs\/energy-conditioner-oily-normal-hair-kondicioner-jenergija-vosstanovlenie-i-zdorove-balans-kozhi-golovy","title":{"rendered":"Balsam energizant. P\u0103r gras \u0219i normal - Balsam de energie, recuperare \u0219i s\u0103n\u0103tate. Balan\u021b\u0103 pentru scalp\u00ab"},"content":{"rendered":"<strong>Afost tradus cu ajutor Google Translate<\/strong><\/p>\n<h2>Balsam de p\u0103r<\/h2>\n<p>Formula moale pentru utilizare zilnic\u0103. Potrivit pentru b\u0103rba\u021bi \u0219i femei. Normalizarea echilibrului scalpului. D\u0103 aspect str\u0103lucitor \u0219i s\u0103n\u0103tos p\u0103rului plictisitor, f\u0103c\u00e2ndu-i moi.<\/p>\n<h3>Ingredient activ<\/h3>\n<p>Keratina hidrolizat\u0103 este o protein\u0103 compus\u0103 din aminoacizi, vitamine \u0219i oligoelemente. Podurile celulare sunt construite din el, care ofer\u0103 rezisten\u021b\u0103 p\u0103rului. Vopsele agresive de p\u0103r, col\u021burile de coafare \u0219i alte efecte stresante duc la sc\u0103derea con\u021binutului de cheratin\u0103 \u0219i la distrugerea structurii sale. Keratina hidrolizat\u0103 este similar\u0103 cu cea natural\u0103, o \u00eenlocuie\u0219te bine, formeaz\u0103 un film protector. Este deosebit de eficient \u00een \u00eengrijirea p\u0103rului deteriorat.<\/p>\n<p>Glicerina &#8212; sus\u021bine hidratarea mult timp, previne evaporarea apei.<\/p>\n<p>Vitamina E este un antioxidant. Cre\u0219te absorb\u021bia oxigenului, \u00eembun\u0103t\u0103\u021be\u0219te circula\u021bia s\u00e2ngelui la nivelul scalpului. Promoveaz\u0103 cre\u0219terea p\u0103rului. Previne pierderea culorii \u0219i a luciului. Sprijin\u0103 s\u0103n\u0103tatea general\u0103 a p\u0103rului.<\/p>\n<p>Gluconatul de zinc &#8212; str\u00e2nge u\u0219or porii \u0219i regleaz\u0103 produc\u021bia de sebum. Are un efect puternic anti-\u00eemb\u0103tr\u00e2nire, actualiz\u00e2nd matricea de colagen. Zincul are propriet\u0103\u021bi imunomodulante, antiseptice, protejeaz\u0103 structura p\u0103rului \u0219i \u00eel face moale. <img decoding=\"async\" class=\"size-full wp-image-2729 alignright\" src=\"https:\/\/scutelnic.nsp25.md\/wp-content\/uploads\/2019\/07\/vitamin-e_index.jpg\" alt=\"\" width=\"275\" height=\"328\"> Este un cofactor al enzimelor implicate \u00een sinteza acizilor nucleici \u0219i a proteinelor.<\/p>\n<p>Pantenolul este un precursor al acidului pantotenic (vitamina B5). Datorit\u0103 capacit\u0103\u021bii sale de a re\u021bine umiditatea, pantenolul are un efect benefic asupra p\u0103rului deteriorat \u0219i uscat.<\/p>\n<p>Amodimetica este siliconic\u0103. Creeaz\u0103 un film pe suprafa\u021ba p\u0103rului, protej\u00e2ndu-l de poluare \u0219i de influen\u021bele agresive ale mediului. D\u0103 str\u0103lucire p\u0103rului \u0219i un aspect s\u0103n\u0103tos, ofer\u0103 protec\u021bie termic\u0103.<\/p>\n<p>Polyquaternium-7 este un polimer cationic. Balsamul (\u00eembun\u0103t\u0103\u021be\u0219te piept\u0103narea p\u0103rului), confer\u0103 p\u0103rului moale, maturitate, str\u0103lucire. Suprima capacitatea p\u0103rului de a absorbi umezeala, deci este mai u\u0219or s\u0103 se men\u021bin\u0103 \u00een form\u0103.<\/p>\n<blockquote><p>Nu con\u021bine: uleiuri minerale, parabeni, formaldehid\u0103, alcool denaturat.<\/p><\/blockquote>\n<p><code> Aplica\u021bie<\/code><\/p>\n<p>Se folose\u0219te masaj masaj cu mi\u0219c\u0103ri de masaj la pl\u0103m\u00e2ni, pornind de la v\u00e2rfuri. Se las\u0103 2-3 minute, se cl\u0103te\u0219te bine cu ap\u0103. Pentru preven\u021bie, 1 mas\u0103 pe s\u0103pt\u0103m\u00e2n\u0103 poate fi folosit\u0103 ca masc\u0103. Se aplic\u0103 pe p\u0103rul umed de la r\u0103d\u0103cini. Permite\u021bi un timer de 3 minute. Ap\u0103sa\u021bi bine.<\/p>\n<p><code> Compozi\u021bie<\/code><\/p>\n<p>Ap\u0103, cetearyl alcool, glicerin\u0103, cetil trimetilamoniu clorur\u0103, fenoxietanol, parfum, propilenglicol, amodimetetic, decilenglicol, zinc gluconat, acid lactic, acetat de tocoferil, lininalool, poliquaterniu-7, pantenol, tri-benzoat, trideten, 10-sodiu , acid citric, sorbat de potasiu. <\/p>","protected":false},"excerpt":{"rendered":"[trp_language language=\"ru_RU\"]\n<ul>\n<li>Pentru p\u0103r normal p\u00e2n\u0103 la gras<\/li>\n<li>Men\u021bine echilibrul pH-ului scalpului<\/li>\n<li>Combate unsoarea<\/li>\n<li>D\u0103 energie<\/li>\n<li>Confer\u0103 netezime<\/li>\n<\/ul>\n<p>[\/trp_language]<\/p>\n<ul>\n<li>Pentru p\u0103r normal p\u00e2n\u0103 la ulei<\/li>\n<li>Pestreaseaz\u0103 echilibrul pH al scalpului.<\/li>\n<li>Combate grasimea<\/li>\n<li>D\u0103 energie<\/li>\n<li>D\u0103 netezire<\/li>\n<\/ul>\n<p>[\/trp_language]<\/p>","protected":false},"featured_media":1473,"template":"","meta":[],"product_brand":[],"product_cat":[179,160],"product_tag":[134,172],"class_list":{"0":"post-1148","1":"product","2":"type-product","3":"status-publish","4":"has-post-thumbnail","6":"product_cat-bremani-care","7":"product_cat-kosmetika-i-uhod","8":"product_tag-dlja-zhenshhin","9":"product_tag-uhod-za-volosami","11":"first","12":"instock","13":"sale","14":"shipping-taxable","15":"purchasable","16":"product-type-simple"},"_links":{"self":[{"href":"http:\/\/scutelnic.nsp25.md\/ro\/wp-json\/wp\/v2\/product\/1148","targetHints":{"allow":["GET"]}}],"collection":[{"href":"http:\/\/scutelnic.nsp25.md\/ro\/wp-json\/wp\/v2\/product"}],"about":[{"href":"http:\/\/scutelnic.nsp25.md\/ro\/wp-json\/wp\/v2\/types\/product"}],"wp:featuredmedia":[{"embeddable":true,"href":"http:\/\/scutelnic.nsp25.md\/ro\/wp-json\/wp\/v2\/media\/1473"}],"wp:attachment":[{"href":"http:\/\/scutelnic.nsp25.md\/ro\/wp-json\/wp\/v2\/media?parent=1148"}],"wp:term":[{"taxonomy":"product_brand","embeddable":true,"href":"http:\/\/scutelnic.nsp25.md\/ro\/wp-json\/wp\/v2\/product_brand?post=1148"},{"taxonomy":"product_cat","embeddable":true,"href":"http:\/\/scutelnic.nsp25.md\/ro\/wp-json\/wp\/v2\/product_cat?post=1148"},{"taxonomy":"product_tag","embeddable":true,"href":"http:\/\/scutelnic.nsp25.md\/ro\/wp-json\/wp\/v2\/product_tag?post=1148"}],"curies":[{"name":"wp","href":"https:\/\/api.w.org\/{rel}","templated":true}]}}