{"id":1146,"date":"2021-04-23T11:09:58","date_gmt":"2021-04-23T08:09:58","guid":{"rendered":"https:\/\/scutelnic.nsp25.md\/product\/makeover-conditioner-normal-damaged-hair-kondicioner-perevoploshhenie-volos-sila-sijanie-i-gladkost"},"modified":"2026-03-10T19:34:23","modified_gmt":"2026-03-10T17:34:23","slug":"makeover-conditioner-normal-damaged-hair-kondicioner-perevoploshhenie-volos-sila-sijanie-i-gladkost","status":"publish","type":"product","link":"http:\/\/scutelnic.nsp25.md\/ro\/produs\/makeover-conditioner-normal-damaged-hair-kondicioner-perevoploshhenie-volos-sila-sijanie-i-gladkost","title":{"rendered":"Balsam Makeover. P\u0103r normal \u0219i deteriorat - Makeover Conditioner. Putere, str\u0103lucire \u0219i netezime\u00ab"},"content":{"rendered":"<strong>Afost tradus cu ajutor Google Translate<\/strong><\/p>\n<h2>Balsam de p\u0103r<\/h2>\n<p>Potrivit pentru utilizare zilnic\u0103, pentru b\u0103rba\u021bi \u0219i femei. Gel de crem\u0103 translucid\u0103, cu o textur\u0103 u\u0219oar\u0103 \u0219i arom\u0103 delicat\u0103-floral\u0103 fructat\u0103. Sigileaz\u0103 axul p\u0103rului, \u00ee\u0219i restabile\u0219te suprafa\u021ba, f\u0103c\u00e2nd p\u0103rul moale, pl\u0103cut m\u0103t\u0103sos.<\/p>\n<h3>Ingredient activ<\/h3>\n<p>Particulele cationice condi\u021bionate sunt particule polimerice cu o structur\u0103 polimeric\u0103 pozitivat\u0103 similar\u0103 cu cea a celulei de pas\u0103re. Acestea reprezint\u0103 un efect regenerativ pronun\u021bat ca urmare a deterior\u0103rii materialului.<\/p>\n<p><img decoding=\"async\" class=\"alignright wp-image-2716\" src=\"https:\/\/scutelnic.nsp25.md\/wp-content\/uploads\/2019\/07\/ace8dc7671a4566472256d79b95f7ead.jpg\" alt=\"\" width=\"400\"> Pantenolul este un precursor al acidului pantotenic (vitamina B5). Datorit\u0103 capacit\u0103\u021bii sale de a re\u021bine umiditatea, pantenolul are un efect benefic asupra p\u0103rului deteriorat \u0219i uscat.<\/p>\n<p>Extract de frunze de Amaranth &#8212; bogat \u00een antioxidan\u021bi. Ajut\u0103 la refacerea deterior\u0103rii p\u0103rului \u00een timpul procesului de oxidare, restabile\u0219te str\u0103lucirea natural\u0103, moale, nivelul de umiditate, ofer\u0103 p\u0103rului un aspect s\u0103n\u0103tos.<\/p>\n<p>Illuminating Active este o substan\u021b\u0103 hidratant\u0103 \u0219i regenerant\u0103 care d\u0103 str\u0103lucire oric\u0103rui tip de p\u0103r. Compus biotehnologic de zaharuri naturale derivate din lemn \u0219i alge brune. Reface cuticula p\u0103rului deteriorat, restabilindu-i str\u0103lucirea natural\u0103, moliciunea \u0219i umiditatea. Parul recapata un aspect sanatos. Rezultat vizibil dup\u0103 prima aplica\u021bie.<\/p>\n<p>Uleiul de nuc\u0103 de cocos &#8212; are o structur\u0103 similar\u0103 cu proteinele p\u0103rului. Penetreaz\u0103 \u00een axul p\u0103rului. Hr\u0103ne\u0219te, hidrateaz\u0103, \u00eenmoaie.<\/p>\n<blockquote><p>Nu con\u021bine: uleiuri minerale, parabeni, formaldehid\u0103, alcool denaturat.<\/p><\/blockquote>\n<p><code> Aplica\u021bie<\/code><\/p>\n<p>Se folose\u0219te masaj masaj cu mi\u0219c\u0103ri de masaj la pl\u0103m\u00e2ni, pornind de la v\u00e2rfuri. Se las\u0103 2-3 minute, cl\u0103te\u0219te bine cu ap\u0103.<\/p>\n<p><code> Compozi\u021bie<\/code><\/p>\n<p>Ap\u0103, alcool cetearil, hidroxipropyl metil celuloz\u0103, stearamidopropyl dimethylamin\u0103, nuc\u0103 de cocos, fenoxietanol, clorur\u0103 de begentrimoniu, glicerin\u0103, parfum, acid lactic, xilitil glucoside, dipropylene glicol, etililantol glicol, anhidroxilitol glicol, capolic propanediol, sodium benzoate, etilhexyl glicerol, pelvin canelat extract, amarant triste frunze extract, C117200, acid citric. <\/p>","protected":false},"excerpt":{"rendered":"[trp_language language=\"ru_RU\"]\n<ul>\n<li>Pentru p\u0103r normal \u0219i deteriorat<\/li>\n<li>\u0423\u043f\u043b\u043e\u0442\u043d\u044f\u0435\u0442<\/li>\n<li>\u041f\u0438\u0442\u0430\u0435\u0442<\/li>\n<li>Hidrateaz\u0103<\/li>\n<li>Confer\u0103 netezime<\/li>\n<\/ul>\n<p>[\/trp_language]<\/p>\n<ul>\n<li>Pentru p\u0103r normal \u0219i deteriorat<\/li>\n<li>Condensuri<\/li>\n<li>Hraneste<\/li>\n<li>Hidrateaz\u0103<\/li>\n<li>D\u0103 netezire<\/li>\n<\/ul>\n<p>[\/trp_language]<\/p>","protected":false},"featured_media":1195,"template":"","meta":[],"product_brand":[],"product_cat":[179,160],"product_tag":[134],"class_list":{"0":"post-1146","1":"product","2":"type-product","3":"status-publish","4":"has-post-thumbnail","6":"product_cat-bremani-care","7":"product_cat-kosmetika-i-uhod","8":"product_tag-dlja-zhenshhin","10":"first","11":"instock","12":"sale","13":"shipping-taxable","14":"purchasable","15":"product-type-simple"},"_links":{"self":[{"href":"http:\/\/scutelnic.nsp25.md\/ro\/wp-json\/wp\/v2\/product\/1146","targetHints":{"allow":["GET"]}}],"collection":[{"href":"http:\/\/scutelnic.nsp25.md\/ro\/wp-json\/wp\/v2\/product"}],"about":[{"href":"http:\/\/scutelnic.nsp25.md\/ro\/wp-json\/wp\/v2\/types\/product"}],"wp:featuredmedia":[{"embeddable":true,"href":"http:\/\/scutelnic.nsp25.md\/ro\/wp-json\/wp\/v2\/media\/1195"}],"wp:attachment":[{"href":"http:\/\/scutelnic.nsp25.md\/ro\/wp-json\/wp\/v2\/media?parent=1146"}],"wp:term":[{"taxonomy":"product_brand","embeddable":true,"href":"http:\/\/scutelnic.nsp25.md\/ro\/wp-json\/wp\/v2\/product_brand?post=1146"},{"taxonomy":"product_cat","embeddable":true,"href":"http:\/\/scutelnic.nsp25.md\/ro\/wp-json\/wp\/v2\/product_cat?post=1146"},{"taxonomy":"product_tag","embeddable":true,"href":"http:\/\/scutelnic.nsp25.md\/ro\/wp-json\/wp\/v2\/product_tag?post=1146"}],"curies":[{"name":"wp","href":"https:\/\/api.w.org\/{rel}","templated":true}]}}