{"id":1119,"date":"2021-04-23T11:09:40","date_gmt":"2021-04-23T08:09:40","guid":{"rendered":"https:\/\/scutelnic.nsp25.md\/product\/intense-foot-cream-intensivnyj-krem-dlja-nog"},"modified":"2026-03-10T19:36:46","modified_gmt":"2026-03-10T17:36:46","slug":"intense-foot-cream-intensivnyj-krem-dlja-nog","status":"publish","type":"product","link":"http:\/\/scutelnic.nsp25.md\/ro\/produs\/intense-foot-cream-intensivnyj-krem-dlja-nog","title":{"rendered":"Crem\u0103 intens\u0103 pentru picioare - Crem\u0103 intens\u0103 pentru picioare"},"content":{"rendered":"<p>O crem\u0103 hidratant\u0103 puternic\u0103, bazat\u0103 pe complex Omega, previne apari\u021bia crp\u0103turilor \u0219i a \u00eenro\u0219irii, lupt\u0103 \u00eempotriva unghiilor fragile. Formula creeaz\u0103 o barier\u0103 protectoare \u0219i hr\u0103ne\u0219te intens pielea uscat\u0103. Uleiurile, proteinele vegetale, vitaminele \u0219i Aloe Vera din compozi\u021bia cremei pestreaz\u0103 frumuse\u021bea \u0219i tinere\u021bea picioarelor, vor conferi u\u0219urin\u021b\u0103, un sentiment de prosperitate \u0219i ajut\u0103 pentru stadionul peliac. Textura bl\u00e2nd\u0103, de m\u0103tase este u\u0219or de aplicat \u0219i absorb\u0103 rapid, iar aroma delicat\u0103 a cremei v\u0103 va oferi un sentiment pl\u0103cut de confort.<\/p>\n<blockquote><p>Avantaje: nu con\u021bine parabeni, ulei mineral, formaldehid\u0103, alcool, siliconi, PEG, coloran\u021bi sintetici. <img decoding=\"async\" class=\"size-full wp-image-726 alignright\" src=\"https:\/\/scutelnic.nsp25.md\/wp-content\/uploads\/2019\/05\/999_2.jpg\" alt=\"\" width=\"500\" height=\"324\"><\/p><\/blockquote>\n<p>Textura bogat\u0103, u\u0219or de aplicat \u0219i absorbit\u0103 rapid.<\/p>\n<h3>Ingredient activ<\/h3>\n<p><strong> Omega Booster <\/strong> &#8212; const\u0103 din ulei de macadam, ulei de semin\u021be de floarea-soarelui \u0219i ulei de semin\u021be de susan. Acest amestec este bogat \u00een acizi Omega 3 \u0219i Omega 6, care au propriet\u0103\u021bi de \u00eenmuiere \u0219i hidratare a pielii. Potrivit pentru pielea delicat\u0103 \u0219i sensibil\u0103.<\/p>\n<p><strong> Biopolimer <\/strong> &#8212; structura sa este aproape de structura pielii, astfel c\u0103 restabile\u0219te eficient func\u021biile de barier\u0103 \u0219i protejeaz\u0103 pielii de poluare. \u00cempiedic\u0103 iritarea, deoarece hidrateaz\u0103 pielea pentru o lung\u0103 perioad\u0103 de timp.<\/p>\n<p><strong> Complexul de acid hidroxic alfa <\/strong> &#8212; con\u021bine lamaie, grapefruit \u0219i afine. Promoveaz\u0103 re\u00eennoirea celulelor pielii.<\/p>\n<p><strong> Keratina vegetal\u0103 <\/strong> &#8212; pe baz\u0103 de proteine \u200b\u200bdin soia, gr\u00e2u \u0219i porumb. \u00cengrijirea pielii. Con\u021bine aminocapsule care \u00eempiedic\u0103 fragilitatea \u0219i delaminarea unghiilor.<\/p>\n<p><strong> Ulei de Moringi, ulei de avocado, unt de shea <\/strong> &#8212; au propriet\u0103\u021bi nutritive \u0219i \u00eenmuiere.<\/p>\n<p><strong> Vitamina E <\/strong> este o vitamina pentru tineri, un puternic antioxidant. Neteze\u0219te, calmeaz\u0103, mentine pielea hidratata. <img decoding=\"async\" class=\"size-full wp-image-859 alignright\" src=\"https:\/\/scutelnic.nsp25.md\/wp-content\/uploads\/2019\/05\/61565_2.jpg\" alt=\"\" width=\"448\" height=\"300\"><\/p>\n<p><strong> Gel de Aloe Vera <\/strong> &#8212; calmeaza, inmoaie pielea, reduce inflamatia.<\/p>\n<h3>Aplica\u021bie<\/h3>\n<p>Aplica\u021bi crema pe pielea curat\u0103 a picioarelor cu mi\u0219c\u0103ri moi de masaj p\u00e2n\u0103 se absorb complet.<\/p>\n<p>Rezultatul: un sentiment incredibil de luminozitate, umiditate \u0219i moale a pielii.<\/p>\n<h3>Compozi\u021bie<\/h3>\n<p>Ap\u0103, stearat de gliceril, alcool cetearil, Aloe barbadensis sucrose, stearat de etilhexil, eter dikaprilovy, Ceteareth-12, semin\u021be de ulei de floarea soarelui, fenoxietanol, unt de shea, avocado ulei de semin\u021be de Moringa oleifera, glicerin\u0103, caprylyl glicol, poliacrilat de sodiu, propilenglicol , benzoat de sodiu, ulei de porumb, Ethylhexylglycerin, acetat de tocoferil, parfum, decilen glicol, EDTA disodic, acid lactic, susan indian semin\u021be, macadamia semin\u021be, m\u0103sline, soia polyquaternium-51 proteine, hidrolizat, ghidul Proteinele de gr\u00e2u olizovannye, extract hidrolizat de protein\u0103 din porumb, fructe ro\u0219ii, sorbat de potasiu, acid citric, extract de fructe pomelo, extract de fructe de afin, extract de coaja de lamaie, acid malic, tocoferol, ter\u021b-butylhidrochinon\u0103.<\/p>","protected":false},"excerpt":{"rendered":"[trp_language language=\"ru_RU\"]\n<ul>\n<li>Hidrateaz\u0103<\/li>\n<li>\u041f\u0438\u0442\u0430\u0435\u0442<\/li>\n<li>\u0421\u043c\u044f\u0433\u0447\u0430\u0435\u0442<\/li>\n<li>\u041f\u0440\u0438\u0434\u0430\u0435\u0442 \u043a\u043e\u0436\u0435 \u0431\u0430\u0440\u0445\u0430\u0442\u0438\u0441\u0442\u043e\u0441\u0442\u044c<\/li>\n<li>\u0410\u043d\u0442\u0438\u043e\u043a\u0441\u0438\u0434\u0430\u043d\u0442\u043d\u0430\u044f \u0437\u0430\u0449\u0438\u0442\u0430<\/li>\n<\/ul>\n<p>[\/trp_language]<\/p>\n<ul>\n<li>Hidratare<\/li>\n<li>Hr\u0103ne\u0219te<\/li>\n<li>Se \u00eenmoaie\u0219te<\/li>\n<li>Ofera pielea catifelat\u0103<\/li>\n<li>Protec\u021bie antioxidant\u0103<\/li>\n<\/ul>\n<p>[\/trp_language]<\/p>","protected":false},"featured_media":1319,"template":"","meta":[],"product_brand":[],"product_cat":[179,160],"product_tag":[180,181],"class_list":{"0":"post-1119","1":"product","2":"type-product","3":"status-publish","4":"has-post-thumbnail","6":"product_cat-bremani-care","7":"product_cat-kosmetika-i-uhod","8":"product_tag-bremani-care","9":"product_tag-kosmetika-bremani","11":"first","12":"instock","13":"sale","14":"shipping-taxable","15":"purchasable","16":"product-type-simple"},"_links":{"self":[{"href":"http:\/\/scutelnic.nsp25.md\/ro\/wp-json\/wp\/v2\/product\/1119","targetHints":{"allow":["GET"]}}],"collection":[{"href":"http:\/\/scutelnic.nsp25.md\/ro\/wp-json\/wp\/v2\/product"}],"about":[{"href":"http:\/\/scutelnic.nsp25.md\/ro\/wp-json\/wp\/v2\/types\/product"}],"wp:featuredmedia":[{"embeddable":true,"href":"http:\/\/scutelnic.nsp25.md\/ro\/wp-json\/wp\/v2\/media\/1319"}],"wp:attachment":[{"href":"http:\/\/scutelnic.nsp25.md\/ro\/wp-json\/wp\/v2\/media?parent=1119"}],"wp:term":[{"taxonomy":"product_brand","embeddable":true,"href":"http:\/\/scutelnic.nsp25.md\/ro\/wp-json\/wp\/v2\/product_brand?post=1119"},{"taxonomy":"product_cat","embeddable":true,"href":"http:\/\/scutelnic.nsp25.md\/ro\/wp-json\/wp\/v2\/product_cat?post=1119"},{"taxonomy":"product_tag","embeddable":true,"href":"http:\/\/scutelnic.nsp25.md\/ro\/wp-json\/wp\/v2\/product_tag?post=1119"}],"curies":[{"name":"wp","href":"https:\/\/api.w.org\/{rel}","templated":true}]}}