{"id":1116,"date":"2021-04-23T11:09:38","date_gmt":"2021-04-23T08:09:38","guid":{"rendered":"https:\/\/scutelnic.nsp25.md\/product\/moisturizing-face-cream-intensive-hydration-uvlazhnjajushhij-krem-dlja-lica-spf15-intensivnoe-uvlazhnenie-na-48-chasov-spf15"},"modified":"2026-03-10T19:36:28","modified_gmt":"2026-03-10T17:36:28","slug":"moisturizing-face-cream-intensive-hydration-uvlazhnjajushhij-krem-dlja-lica-spf15-intensivnoe-uvlazhnenie-na-48-chasov-spf15","status":"publish","type":"product","link":"http:\/\/scutelnic.nsp25.md\/ro\/produs\/moisturizing-face-cream-intensive-hydration-uvlazhnjajushhij-krem-dlja-lica-spf15-intensivnoe-uvlazhnenie-na-48-chasov-spf15","title":{"rendered":"Crem\u0103 de fa\u021b\u0103 hidratant\u0103. Hidratare intensiv\u0103 - Crem\u0103 de fa\u021b\u0103 hidratant\u0103 SPF15. Hidratare intensiv\u0103 timp de 48 de ore SPF15"},"content":{"rendered":"","protected":false},"excerpt":{"rendered":"[trp_language language=\"ru_RU\"]\n<ul>\n<li>Hidratare de lung\u0103 durat\u0103<\/li>\n<li>Asisten\u021b\u0103 universal\u0103 \u0219i prevenirea \u00eemb\u0103tr\u00e2nirii<\/li>\n<li>Protec\u021bie solar\u0103<\/li>\n<li>Este r\u0103coritor<\/li>\n<li>Restaureaz\u0103<\/li>\n<li>Lumineaz\u0103<\/li>\n<\/ul>\n<p>[\/trp_language]<\/p>\n<ul>\n<li>Hhidratare de lung\u0103 durat\u0103<\/li>\n<li>\u00cengrijire universal\u0103 \u0219i prevenirea v\u00e2rstei<\/li>\n<li>Protec\u021bie la soare<\/li>\n<li>Re\u00eemprosp\u0103teaz\u0103<\/li>\n<li>Restabile\u0219te<\/li>\n<li>Se lumineaz\u0103<\/li>\n<\/ul>\n<p>[\/trp_language]<\/p>","protected":false},"featured_media":1305,"template":"","meta":[],"product_brand":[],"product_cat":[179,160],"product_tag":[180,181],"class_list":{"0":"post-1116","1":"product","2":"type-product","3":"status-publish","4":"has-post-thumbnail","6":"product_cat-bremani-care","7":"product_cat-kosmetika-i-uhod","8":"product_tag-bremani-care","9":"product_tag-kosmetika-bremani","11":"first","12":"instock","13":"sale","14":"shipping-taxable","15":"purchasable","16":"product-type-simple"},"_links":{"self":[{"href":"http:\/\/scutelnic.nsp25.md\/ro\/wp-json\/wp\/v2\/product\/1116","targetHints":{"allow":["GET"]}}],"collection":[{"href":"http:\/\/scutelnic.nsp25.md\/ro\/wp-json\/wp\/v2\/product"}],"about":[{"href":"http:\/\/scutelnic.nsp25.md\/ro\/wp-json\/wp\/v2\/types\/product"}],"wp:featuredmedia":[{"embeddable":true,"href":"http:\/\/scutelnic.nsp25.md\/ro\/wp-json\/wp\/v2\/media\/1305"}],"wp:attachment":[{"href":"http:\/\/scutelnic.nsp25.md\/ro\/wp-json\/wp\/v2\/media?parent=1116"}],"wp:term":[{"taxonomy":"product_brand","embeddable":true,"href":"http:\/\/scutelnic.nsp25.md\/ro\/wp-json\/wp\/v2\/product_brand?post=1116"},{"taxonomy":"product_cat","embeddable":true,"href":"http:\/\/scutelnic.nsp25.md\/ro\/wp-json\/wp\/v2\/product_cat?post=1116"},{"taxonomy":"product_tag","embeddable":true,"href":"http:\/\/scutelnic.nsp25.md\/ro\/wp-json\/wp\/v2\/product_tag?post=1116"}],"curies":[{"name":"wp","href":"https:\/\/api.w.org\/{rel}","templated":true}]}}