{"id":1108,"date":"2021-04-23T11:09:34","date_gmt":"2021-04-23T08:09:34","guid":{"rendered":"https:\/\/scutelnic.nsp25.md\/product\/witch-vera-gel-osvezhajushhij-gel-dlja-kozhi"},"modified":"2026-03-10T19:46:27","modified_gmt":"2026-03-10T17:46:27","slug":"witch-vera-gel-osvezhajushhij-gel-dlja-kozhi","status":"publish","type":"product","link":"http:\/\/scutelnic.nsp25.md\/ro\/produs\/witch-vera-gel-osvezhajushhij-gel-dlja-kozhi","title":{"rendered":"Gel Witch Vera - Gel r\u0103coritor pentru piele"},"content":{"rendered":"","protected":false},"excerpt":{"rendered":"[trp_language language=\"ru_RU\"]\n<ul>\n<li>\u0421\u043d\u0438\u043c\u0430\u0435\u0442 \u0440\u0430\u0437\u0434\u0440\u0430\u0436\u0435\u043d\u0438\u044f \u0438 \u0437\u0430\u0449\u0438\u0449\u0430\u0435\u0442 \u043e\u0442 \u0441\u043e\u043b\u043d\u0435\u0447\u043d\u044b\u0445 \u043b\u0443\u0447\u0435\u0439<\/li>\n<li>\u0412\u043e\u0441\u0441\u0442\u0430\u043d\u0430\u0432\u043b\u0438\u0432\u0430\u0435\u0442 \u043a\u043e\u0436\u043d\u044b\u0435 \u043f\u043e\u043a\u0440\u043e\u0432\u044b \u0438 \u0441\u043d\u0438\u043c\u0430\u0435\u0442 \u0432\u043e\u0441\u043f\u0430\u043b\u0438\u0442\u0435\u043b\u044c\u043d\u044b\u0435 \u043f\u0440\u043e\u0446\u0435\u0441\u0441\u044b<\/li>\n<li>\u0421\u043c\u044f\u0433\u0447\u0430\u0435\u0442, \u043f\u0438\u0442\u0430\u0435\u0442 \u0438 \u0440\u0430\u0437\u0433\u043b\u0430\u0436\u0438\u0432\u0430\u0435\u0442 \u043a\u043e\u0436\u0443<\/li>\n<li>\u041e\u0431\u0435\u0440\u0435\u0433\u0430\u0435\u0442 \u043e\u0442 \u0430\u0433\u0440\u0435\u0441\u0441\u0438\u0432\u043d\u043e\u0433\u043e \u0432\u043e\u0437\u0434\u0435\u0439\u0441\u0442\u0432\u0438\u044f \u043e\u043a\u0440\u0443\u0436\u0430\u044e\u0449\u0435\u0439 \u0441\u0440\u0435\u0434\u044b, \u0431\u043b\u0430\u0433\u043e\u0434\u0430\u0440\u044f \u0430\u043d\u0442\u0438\u043e\u043a\u0441\u0438\u0434\u0430\u043d\u0442\u043d\u044b\u043c \u0441\u0432\u043e\u0439\u0441\u0442\u0432\u0430\u043c<\/li>\n<\/ul>\n<p>[\/trp_language]<\/p>\n<ul>\n<li>\u00cendep\u0103rteaz\u0103 iritarea \u0219i protejeaz\u0103 de lumina soarelui<\/li>\n<li>Reface pielea \u0219i amelioreaz\u0103 inflama\u021bia<\/li>\n<li>\u00cendep\u0103rteaz\u0103, hr\u0103ne\u0219te \u0219i neteze\u0219te pielea<\/li>\n<li>Protejezaz\u0103 este un impotentriva influen\u021belor agresive de mediu datorate propriet\u0103\u021bilor antioxidante<\/li>\n<\/ul>\n<p>[\/trp_language]<\/p>","protected":false},"featured_media":1230,"template":"","meta":[],"product_brand":[],"product_cat":[174,160],"product_tag":[134,118,125,175,167],"class_list":{"0":"post-1108","1":"product","2":"type-product","3":"status-publish","4":"has-post-thumbnail","6":"product_cat-tropical-mists","7":"product_cat-kosmetika-i-uhod","8":"product_tag-dlja-zhenshhin","9":"product_tag-dlja-muzhchin","10":"product_tag-dlja-pozhilyh","11":"product_tag-kosmetika-tropical-mists","12":"product_tag-uhod-za-kozhej-tela","14":"first","15":"outofstock","16":"sale","17":"shipping-taxable","18":"purchasable","19":"product-type-simple"},"_links":{"self":[{"href":"http:\/\/scutelnic.nsp25.md\/ro\/wp-json\/wp\/v2\/product\/1108","targetHints":{"allow":["GET"]}}],"collection":[{"href":"http:\/\/scutelnic.nsp25.md\/ro\/wp-json\/wp\/v2\/product"}],"about":[{"href":"http:\/\/scutelnic.nsp25.md\/ro\/wp-json\/wp\/v2\/types\/product"}],"wp:featuredmedia":[{"embeddable":true,"href":"http:\/\/scutelnic.nsp25.md\/ro\/wp-json\/wp\/v2\/media\/1230"}],"wp:attachment":[{"href":"http:\/\/scutelnic.nsp25.md\/ro\/wp-json\/wp\/v2\/media?parent=1108"}],"wp:term":[{"taxonomy":"product_brand","embeddable":true,"href":"http:\/\/scutelnic.nsp25.md\/ro\/wp-json\/wp\/v2\/product_brand?post=1108"},{"taxonomy":"product_cat","embeddable":true,"href":"http:\/\/scutelnic.nsp25.md\/ro\/wp-json\/wp\/v2\/product_cat?post=1108"},{"taxonomy":"product_tag","embeddable":true,"href":"http:\/\/scutelnic.nsp25.md\/ro\/wp-json\/wp\/v2\/product_tag?post=1108"}],"curies":[{"name":"wp","href":"https:\/\/api.w.org\/{rel}","templated":true}]}}