{"id":1090,"date":"2021-04-23T11:09:21","date_gmt":"2021-04-23T08:09:21","guid":{"rendered":"https:\/\/scutelnic.nsp25.md\/product\/everflex-sream-jeverfleks-krem"},"modified":"2026-03-10T19:43:37","modified_gmt":"2026-03-10T17:43:37","slug":"everflex-sream-jeverfleks-krem","status":"publish","type":"product","link":"http:\/\/scutelnic.nsp25.md\/ro\/produs\/everflex-sream-jeverfleks-krem","title":{"rendered":"EverFlex \u0421ream"},"content":{"rendered":"<\/p>\n<h2>Crem\u0103 de masaj EverFlex<\/h2>\n<p>Studiile recente au ar\u0103tat c\u0103 pentru formarea \u021besutului conjunctiv la acela\u0219i nivel cu azotul, ave\u021bi nevoie \u0219i de fluxul de sulf. \u0218i natura a creat un minunat compus organic de sulf. Acesta este metilsulfanil metan (MSM). Aceast\u0103 substan\u021b\u0103 face parte din noua crem\u0103 terapeutic\u0103 Ever Flex.<\/p>\n<p>Sulful, ca carbonul, azotul \u0219i hidrogenul, se dovede\u0219te a fi unul dintre principalele elemente structurale ale corpului. Sulful este o component\u0103 a proteinelor, formeaz\u0103 leg\u0103turi disulfidice care determin\u0103 stereoconfigurarea moleculelor de proteine \u200b\u200b\u0219i, prin urmare, activitatea lor biologic\u0103.<\/p>\n<p>Sulful este o component\u0103 a proteinelor structurale, dintre care cel mai important rol este alc\u0103tuit din proteine \u200b\u200bfibrilare ale \u021besutului conjunctiv &#8212; colagen \u0219i keratin\u0103. Con\u021binutul \u021besuturilor conjunctive pentru mai mult de 60% din <img decoding=\"async\" class=\"size-full wp-image-772 alignright\" src=\"https:\/\/scutelnic.nsp25.md\/wp-content\/uploads\/2019\/05\/28891407.jpg\" alt=\"\" width=\"500\" height=\"321\">greutate corporal\u0103, iar func\u021biile tuturor \u021besuturilor \u0219i organelor depind de starea lor. Este colagenul &#8212; principala molecul\u0103 a \u021besutului conjunctiv, care determin\u0103 for\u021ba corpului uman. Colagenul reprezint\u0103 25-30% din cantitatea total\u0103 de proteine \u200b\u200bdintr-un corp uman adult sau 6% din greutatea corporal\u0103. Keratin asigur\u0103 cre\u0219terea \u0219i rezisten\u021ba p\u0103rului, a unghiilor, a pielii. Sulful poate fi numit un &#171;mineral natural de frumuse\u021be&#187; pe care depinde bun\u0103starea pielii.<\/p>\n<blockquote><p>Metilsulfonil metanul, care face parte din crema EverFlex, este absorbit de piele \u0219i p\u0103trunde ad\u00e2nc \u00een straturile ad\u00e2nci ale pielii \u0219i \u00een \u021besuturile care \u00eenconjoar\u0103 articula\u021biile.<\/p><\/blockquote>\n<p>\u00cen mod natural, crema EverFlex este deosebit de eficient\u0103 \u00een tratarea articula\u021biilor mici \u0219i a leziunilor ligamentelor. Propriet\u0103\u021bile antiinflamatorii se datoreaz\u0103 capacit\u0103\u021bii MSM de a inhiba enzimele care mediaz\u0103 reac\u021biile inflamatorii. Aceste propriet\u0103\u021bi sunt extrem de importante, deoarece majoritatea bolilor moderne sunt \u00eentr-o anumit\u0103 m\u0103sur\u0103 legate de procesele inflamatorii cronice. \u00cen acela\u0219i timp, capacitatea MSM de a suprima durerea la bolile inflamatorii \u0219i la leziunile sistemului musculoscheletal este deosebit de impresionant\u0103.<\/p>\n<p>MSM are efecte antialergice. Mul\u021bi oameni care sufer\u0103 de anumite boli sau boli somatice sau mentale sau de piele nu b\u0103nuiesc nici m\u0103car c\u0103 baza suferin\u021bei lor este alergiile alimentare ascunse. MSM suprim\u0103 alergiile alimentare ascunse.<\/p>\n<p>\u00cen general, putem vorbi despre propriet\u0103\u021bile de reparare a \u021besuturilor MSM, care nu numai c\u0103 opresc procesele distructive inflamatorii \u0219i alergice \u00een diferite \u021besuturi, ci contribuie, de asemenea, la repararea \u021besuturilor, adic\u0103 recuperarea lor. MSM are, de asemenea, un efect de vindecare asupra pielii, \u00eembun\u0103t\u0103\u021bind \u00een mod semnificativ starea sa, precum \u0219i apendicele sale: unghiile care devin mult mai puternice, iar p\u0103rul cre\u0219te mai repede \u0219i arat\u0103 mai bine.<\/p>","protected":false},"excerpt":{"rendered":"[trp_language language=\"ru_RU\"]\n<ul>\n<li>\u041a\u0440\u0435\u043c \u043e\u0431\u043b\u0430\u0434\u0430\u0435\u0442 \u043f\u0440\u043e\u0442\u0438\u0432\u043e\u0432\u043e\u0441\u043f\u0430\u043b\u0438\u0442\u0435\u043b\u044c\u043d\u044b\u043c, \u043f\u0440\u043e\u0442\u0438\u0432\u043e\u043e\u0442\u0435\u0447\u043d\u044b\u043c \u0438 \u0430\u043d\u0430\u043b\u044c\u0433\u0438\u0437\u0438\u0440\u0443\u044e\u0449\u0438\u043c \u0434\u0435\u0439\u0441\u0442\u0432\u0438\u0435\u043c, \u043f\u043e\u0432\u044b\u0448\u0430\u0435\u0442 \u043f\u043e\u0434\u0432\u0438\u0436\u043d\u043e\u0441\u0442\u044c \u0441\u0443\u0441\u0442\u0430\u0432\u043e\u0432<\/li>\n<li>\u042d\u0444\u0444\u0435\u043a\u0442\u0438\u0432\u0435\u043d \u043f\u0440\u0438 \u0437\u0430\u0431\u043e\u043b\u0435\u0432\u0430\u043d\u0438\u0438 \u043c\u0435\u043b\u043a\u0438\u0445 \u0441\u0443\u0441\u0442\u0430\u0432\u043e\u0432 \u0438 \u043f\u043e\u0432\u0440\u0435\u0436\u0434\u0435\u043d\u0438\u0438 \u0441\u0432\u044f\u0437\u043e\u0447\u043d\u043e\u0433\u043e \u0430\u043f\u043f\u0430\u0440\u0430\u0442\u0430<\/li>\n<\/ul>\n<p>[\/trp_language]<\/p>\n<ul>\n<li>Crema are efecte anti-inflamatorii, anti-edeme \u0219i analgezice, cre\u0219te mobilitatea articula\u021biilor<\/li>\n<li>Eficace \u00een tratamentul articula\u021biilor mici \u0219i deteriorarea ligamentelor<\/li>\n<\/ul>\n<p>[\/trp_language]<\/p>","protected":false},"featured_media":1558,"template":"","meta":[],"product_brand":[],"product_cat":[160,165],"product_tag":[159],"class_list":{"0":"post-1090","1":"product","2":"type-product","3":"status-publish","4":"has-post-thumbnail","6":"product_cat-kosmetika-i-uhod","7":"product_cat-lechebnaja-kosmetika-kosmetika-i-uhod","8":"product_tag-lechebnaja-kosmetika","10":"first","11":"outofstock","12":"sale","13":"shipping-taxable","14":"purchasable","15":"product-type-simple"},"_links":{"self":[{"href":"http:\/\/scutelnic.nsp25.md\/ro\/wp-json\/wp\/v2\/product\/1090","targetHints":{"allow":["GET"]}}],"collection":[{"href":"http:\/\/scutelnic.nsp25.md\/ro\/wp-json\/wp\/v2\/product"}],"about":[{"href":"http:\/\/scutelnic.nsp25.md\/ro\/wp-json\/wp\/v2\/types\/product"}],"wp:featuredmedia":[{"embeddable":true,"href":"http:\/\/scutelnic.nsp25.md\/ro\/wp-json\/wp\/v2\/media\/1558"}],"wp:attachment":[{"href":"http:\/\/scutelnic.nsp25.md\/ro\/wp-json\/wp\/v2\/media?parent=1090"}],"wp:term":[{"taxonomy":"product_brand","embeddable":true,"href":"http:\/\/scutelnic.nsp25.md\/ro\/wp-json\/wp\/v2\/product_brand?post=1090"},{"taxonomy":"product_cat","embeddable":true,"href":"http:\/\/scutelnic.nsp25.md\/ro\/wp-json\/wp\/v2\/product_cat?post=1090"},{"taxonomy":"product_tag","embeddable":true,"href":"http:\/\/scutelnic.nsp25.md\/ro\/wp-json\/wp\/v2\/product_tag?post=1090"}],"curies":[{"name":"wp","href":"https:\/\/api.w.org\/{rel}","templated":true}]}}