{"id":1036,"date":"2021-04-23T11:08:37","date_gmt":"2021-04-23T08:08:37","guid":{"rendered":"https:\/\/scutelnic.nsp25.md\/product\/grapine-with-protectors-grjepajn-s-protektorami"},"modified":"2026-03-10T18:42:33","modified_gmt":"2026-03-10T16:42:33","slug":"grapine-with-protectors-grjepajn-s-protektorami","status":"publish","type":"product","link":"http:\/\/scutelnic.nsp25.md\/ro\/produs\/grapine-with-protectors-grjepajn-s-protektorami","title":{"rendered":"Grapine cu Protectori - Grapine cu Protectori"},"content":{"rendered":"<p><code><\/code><\/p>\n<div style=\"display: none;\">1750 - Grapine cu protectori; Grapine cu protector; Grapine viv protectori; Grapine cu protectori; Grapine cu protectori; Grapine; turmeric;<\/div>","protected":false},"excerpt":{"rendered":"[trp_language language=\"ru_RU\"]\n<ul>\n<li>Cea mai puternic\u0103 ac\u021biune antioxidant\u0103;<\/li>\n<li>U\u0219ureaz\u0103 evolu\u021bia bolilor cronice \u0219i degenerative;<\/li>\n<li>\u00cent\u0103re\u0219te pere\u021bii vaselor de s\u00e2nge;<\/li>\n<li>\u00cembun\u0103t\u0103\u021birea circula\u021biei;<\/li>\n<li>Previne \u00eemb\u0103tr\u00e2nirea pielii, protej\u00e2nd colagenul de degradare;<\/li>\n<li>Protejeaz\u0103 \u00eempotriva cancerului.<\/li>\n<\/ul>\n<p>[\/trp_language]<\/p>\n<ul>\n<li>Este un antioxidant puternic.<\/li>\n<li>Intareste peretii vaselor sangvine, imbunatateste microcirculatia<\/li>\n<li>Faciliteaza bolile cronice si degenerative<\/li>\n<li>Impiedica imbatrinirea pielii, apara colagenul de reducere<\/li>\n<li>Este un oncoprotector contemporan<\/li>\n<\/ul>\n<p>[\/trp_language]<\/p>","protected":false},"featured_media":49357,"template":"","meta":[],"product_brand":[],"product_cat":[138,114,109,111,121,139,130],"product_tag":[155,140,117,123,124,125,142,132,143,144],"class_list":{"0":"post-1036","1":"product","2":"type-product","3":"status-publish","4":"has-post-thumbnail","6":"product_cat-zrenie","7":"product_cat-nervnaja","8":"product_cat-fitoprodukty","9":"product_cat-sistemy-organizma","10":"product_cat-immunnaja","11":"product_cat-kozha-volosy-nogti","12":"product_cat-serdechno-sosudistaja","13":"product_tag-onkoprotektor","14":"product_tag-antioksidanty","15":"product_tag-bad","16":"product_tag-vitaminnye-kompleksy","17":"product_tag-dlja-korrekcii-vesa","18":"product_tag-dlja-pozhilyh","19":"product_tag-zrenie","20":"product_tag-immunnaja-sistema","21":"product_tag-kozha","22":"product_tag-serdechno-sosudistaja-sistema","24":"first","25":"instock","26":"sale","27":"shipping-taxable","28":"purchasable","29":"product-type-simple"},"_links":{"self":[{"href":"http:\/\/scutelnic.nsp25.md\/ro\/wp-json\/wp\/v2\/product\/1036","targetHints":{"allow":["GET"]}}],"collection":[{"href":"http:\/\/scutelnic.nsp25.md\/ro\/wp-json\/wp\/v2\/product"}],"about":[{"href":"http:\/\/scutelnic.nsp25.md\/ro\/wp-json\/wp\/v2\/types\/product"}],"wp:featuredmedia":[{"embeddable":true,"href":"http:\/\/scutelnic.nsp25.md\/ro\/wp-json\/wp\/v2\/media\/49357"}],"wp:attachment":[{"href":"http:\/\/scutelnic.nsp25.md\/ro\/wp-json\/wp\/v2\/media?parent=1036"}],"wp:term":[{"taxonomy":"product_brand","embeddable":true,"href":"http:\/\/scutelnic.nsp25.md\/ro\/wp-json\/wp\/v2\/product_brand?post=1036"},{"taxonomy":"product_cat","embeddable":true,"href":"http:\/\/scutelnic.nsp25.md\/ro\/wp-json\/wp\/v2\/product_cat?post=1036"},{"taxonomy":"product_tag","embeddable":true,"href":"http:\/\/scutelnic.nsp25.md\/ro\/wp-json\/wp\/v2\/product_tag?post=1036"}],"curies":[{"name":"wp","href":"https:\/\/api.w.org\/{rel}","templated":true}]}}